{"id":324,"date":"2025-11-27T12:05:19","date_gmt":"2025-11-27T12:05:19","guid":{"rendered":"https:\/\/alianzayelcho.com\/?page_id=324"},"modified":"2026-01-29T19:23:08","modified_gmt":"2026-01-29T19:23:08","slug":"noticias","status":"publish","type":"page","link":"https:\/\/alianzayelcho.com\/ingles\/noticias\/","title":{"rendered":"News"},"content":{"rendered":"<div data-elementor-type=\"wp-page\" data-elementor-id=\"324\" class=\"elementor elementor-324\">\n\t\t\t\t<div class=\"elementor-element elementor-element-b19006f e-flex e-con-boxed lakit-col-width-auto-no e-container e-root-container elementor-top-section e-con e-parent\" data-id=\"b19006f\" data-element_type=\"container\" data-e-type=\"container\">\n\t\t\t\t\t<div class=\"e-con-inner\">\n\t\t\t\t<div class=\"elementor-element elementor-element-cc4e8be elementor-widget elementor-widget-text-editor\" data-id=\"cc4e8be\" data-element_type=\"widget\" data-e-type=\"widget\" data-widget_type=\"text-editor.default\">\n\t\t\t\t\t\t\t\t\t<p>News<\/p>\t\t\t\t\t\t\t\t<\/div>\n\t\t\t\t<div class=\"elementor-element elementor-element-e856b81 elementor-widget-divider--view-line elementor-widget elementor-widget-divider\" data-id=\"e856b81\" data-element_type=\"widget\" data-e-type=\"widget\" data-widget_type=\"divider.default\">\n\t\t\t\t\t\t\t<div class=\"elementor-divider\">\n\t\t\t<span class=\"elementor-divider-separator\">\n\t\t\t\t\t\t<\/span>\n\t\t<\/div>\n\t\t\t\t\t\t<\/div>\n\t\t\t\t<div class=\"elementor-element elementor-element-25e74de elementor-widget elementor-widget-heading\" data-id=\"25e74de\" data-element_type=\"widget\" data-e-type=\"widget\" data-widget_type=\"heading.default\">\n\t\t\t\t\t<h2 class=\"elementor-heading-title elementor-size-default\">News and developments that shape our path<\/h2>\t\t\t\t<\/div>\n\t\t\t\t<div class=\"elementor-element elementor-element-8846680 elementor-widget elementor-widget-image\" data-id=\"8846680\" data-element_type=\"widget\" data-e-type=\"widget\" data-widget_type=\"image.default\">\n\t\t\t\t\t\t\t\t\t\t\t\t\t\t\t<img fetchpriority=\"high\" decoding=\"async\" width=\"1024\" height=\"171\" src=\"https:\/\/alianzayelcho.com\/wp-content\/uploads\/2025\/11\/header_noticia-1024x171.png\" class=\"attachment-large size-large wp-image-326\" alt=\"\" srcset=\"https:\/\/alianzayelcho.com\/wp-content\/uploads\/2025\/11\/header_noticia-1024x171.png 1024w, https:\/\/alianzayelcho.com\/wp-content\/uploads\/2025\/11\/header_noticia-300x50.png 300w, https:\/\/alianzayelcho.com\/wp-content\/uploads\/2025\/11\/header_noticia-768x128.png 768w, https:\/\/alianzayelcho.com\/wp-content\/uploads\/2025\/11\/header_noticia.png 1501w\" sizes=\"(max-width: 1024px) 100vw, 1024px\" \/>\t\t\t\t\t\t\t\t\t\t\t\t\t\t\t<\/div>\n\t\t\t\t\t<\/div>\n\t\t\t\t<\/div>\n\t\t<div class=\"elementor-element elementor-element-8348aba e-flex e-con-boxed lakit-col-width-auto-no e-container e-root-container elementor-top-section e-con e-parent\" data-id=\"8348aba\" data-element_type=\"container\" data-e-type=\"container\">\n\t\t\t\t\t<div class=\"e-con-inner\">\n\t\t\t\t<div class=\"elementor-element elementor-element-850b132 elementor-widget lastudio-kit elementor-lakit-gposts elementor-lakit-posts\" data-id=\"850b132\" data-element_type=\"widget\" data-e-type=\"widget\" data-widget_type=\"lakit-posts.default\">\n\t\t\t\t\t\n<div id=\"lapost_850b132\" class=\"lakit-posts layout-type-grid preset-grid-1 querycpt--post lakit-posts--grid\" data-item_selector=\".lakit-posts__item\" >        <div class=\"lakit-posts__list_wrapper\">\n            <div class=\"lakit-posts__list col-row\">\n            <div class=\"lakit-posts__item has-post-thumbnail cpt-post post-item-714 col-desk-3 col-lap-3 col-tab-3\">\n    <div class=\"lakit-posts__outer-box\">\n        <div class=\"lakit-posts__inner-box\">            <div class=\"post-thumbnail lakit-posts__thumbnail\">\n                                    <a href=\"https:\/\/alianzayelcho.com\/ingles\/2025\/12\/19\/alianza-yelcho-evaluo-positivamente-gestion-anual-y-proyecta-el-2026\/\" class=\"lakit-posts__thumbnail-link\" aria-label=\"Read more about &quot;Alianza Yelcho evalu\u00f3 positivamente gesti\u00f3n anual y proyecta el 2026&quot;\"><img decoding=\"async\" width=\"1500\" height=\"1000\" src=\"https:\/\/alianzayelcho.com\/wp-content\/uploads\/2025\/12\/noticia06.png\" class=\"lakit-posts__thumbnail-img wp-post-image la-lazyload-image wp-post-image\" alt=\"\" srcset=\"https:\/\/alianzayelcho.com\/wp-content\/uploads\/2025\/12\/noticia06.png 1500w, https:\/\/alianzayelcho.com\/wp-content\/uploads\/2025\/12\/noticia06-300x200.png 300w, https:\/\/alianzayelcho.com\/wp-content\/uploads\/2025\/12\/noticia06-1024x683.png 1024w, https:\/\/alianzayelcho.com\/wp-content\/uploads\/2025\/12\/noticia06-768x512.png 768w\" sizes=\"(max-width: 1500px) 100vw, 1500px\" \/><\/a>\n                                                    \n                            <\/div>\n        <div class=\"lakit-posts__inner-content\"><div class=\"lakit-posts__inner-content-inner\"><h4 class=\"lakit-posts__title\"><a href=\"https:\/\/alianzayelcho.com\/ingles\/2025\/12\/19\/alianza-yelcho-evaluo-positivamente-gestion-anual-y-proyecta-el-2026\/\" title=\"Yelcho Alliance positively evaluates annual management plan and projects for 2026\" rel=\"bookmark\">Yelcho Alliance positively evaluates annual management plan and projects for 2026<\/a><\/h4><div class=\"lakit-posts__meta lakit-posts__meta1\"><div class=\"lakit-posts__meta__item lakit-posts__meta__item--date post__date\"><span class=\"meta--value\">December 19, 2025<\/span><\/div><\/div><div class=\"lakit-posts__excerpt entry-excerpt\">Alianza Yelcho evalu\u00f3 positivamente gesti\u00f3n anual y proyecta el 2026 Alianza Yelcho cierra el a\u00f1o con avances en vacunaci\u00f3n contra&hellip;<\/div><div class=\"lakit-posts__more-wrap lakit-btn-more-wrap\"><a href=\"https:\/\/alianzayelcho.com\/ingles\/2025\/12\/19\/alianza-yelcho-evaluo-positivamente-gestion-anual-y-proyecta-el-2026\/\" class=\"elementor-button lakit-posts__btn-more lakit-btn-more\" title=\"Leer m\u00e1s \u2192 &quot;Alianza Yelcho evalu\u00f3 positivamente gesti\u00f3n anual y proyecta el 2026&quot;\" rel=\"bookmark\"><span class=\"btn__text\">Read more \u2192<\/span><\/a><\/div><\/div><\/div><\/div>\n    <\/div>\n<\/div><div class=\"lakit-posts__item has-post-thumbnail cpt-post post-item-706 col-desk-3 col-lap-3 col-tab-3\">\n    <div class=\"lakit-posts__outer-box\">\n        <div class=\"lakit-posts__inner-box\">            <div class=\"post-thumbnail lakit-posts__thumbnail\">\n                                    <a href=\"https:\/\/alianzayelcho.com\/ingles\/2025\/11\/07\/alianza-yelcho-destaca-en-congreso-mundial-de-vacunas\/\" class=\"lakit-posts__thumbnail-link\" aria-label=\"Read more about &quot;Alianza Yelcho destaca en congreso mundial de vacunas&quot;\"><img decoding=\"async\" width=\"1500\" height=\"1000\" src=\"https:\/\/alianzayelcho.com\/wp-content\/uploads\/2025\/12\/noticia05.png\" class=\"lakit-posts__thumbnail-img wp-post-image la-lazyload-image wp-post-image\" alt=\"\" srcset=\"https:\/\/alianzayelcho.com\/wp-content\/uploads\/2025\/12\/noticia05.png 1500w, https:\/\/alianzayelcho.com\/wp-content\/uploads\/2025\/12\/noticia05-300x200.png 300w, https:\/\/alianzayelcho.com\/wp-content\/uploads\/2025\/12\/noticia05-1024x683.png 1024w, https:\/\/alianzayelcho.com\/wp-content\/uploads\/2025\/12\/noticia05-768x512.png 768w\" sizes=\"(max-width: 1500px) 100vw, 1500px\" \/><\/a>\n                                                    \n                            <\/div>\n        <div class=\"lakit-posts__inner-content\"><div class=\"lakit-posts__inner-content-inner\"><h4 class=\"lakit-posts__title\"><a href=\"https:\/\/alianzayelcho.com\/ingles\/2025\/11\/07\/alianza-yelcho-destaca-en-congreso-mundial-de-vacunas\/\" title=\"Yelcho Alliance participates at world vaccine congress\" rel=\"bookmark\">Yelcho Alliance participates at world vaccine congress<\/a><\/h4><div class=\"lakit-posts__meta lakit-posts__meta1\"><div class=\"lakit-posts__meta__item lakit-posts__meta__item--date post__date\"><span class=\"meta--value\">November 7, 2025<\/span><\/div><\/div><div class=\"lakit-posts__excerpt entry-excerpt\">Alianza Yelcho destaca en congreso mundial de vacunas El director de la iniciativa, David Farcas, viaj\u00f3 a Europa para intervenir&hellip;<\/div><div class=\"lakit-posts__more-wrap lakit-btn-more-wrap\"><a href=\"https:\/\/alianzayelcho.com\/ingles\/2025\/11\/07\/alianza-yelcho-destaca-en-congreso-mundial-de-vacunas\/\" class=\"elementor-button lakit-posts__btn-more lakit-btn-more\" title=\"Leer m\u00e1s \u2192 &quot;Alianza Yelcho destaca en congreso mundial de vacunas&quot;\" rel=\"bookmark\"><span class=\"btn__text\">Read more \u2192<\/span><\/a><\/div><\/div><\/div><\/div>\n    <\/div>\n<\/div><div class=\"lakit-posts__item has-post-thumbnail cpt-post post-item-697 col-desk-3 col-lap-3 col-tab-3\">\n    <div class=\"lakit-posts__outer-box\">\n        <div class=\"lakit-posts__inner-box\">            <div class=\"post-thumbnail lakit-posts__thumbnail\">\n                                    <a href=\"https:\/\/alianzayelcho.com\/ingles\/2025\/09\/02\/los-esfuerzos-colaborativos-para-generar-vacunas-efectivas-contra-la-piscirickettsiosis\/\" class=\"lakit-posts__thumbnail-link\" aria-label=\"Read more about &quot;Los esfuerzos colaborativos para generar vacunas efectivas contra la\u00a0Piscirickettsiosis&quot;\"><img loading=\"lazy\" decoding=\"async\" width=\"1500\" height=\"1000\" src=\"https:\/\/alianzayelcho.com\/wp-content\/uploads\/2025\/12\/noticia04.png\" class=\"lakit-posts__thumbnail-img wp-post-image la-lazyload-image wp-post-image\" alt=\"\" srcset=\"https:\/\/alianzayelcho.com\/wp-content\/uploads\/2025\/12\/noticia04.png 1500w, https:\/\/alianzayelcho.com\/wp-content\/uploads\/2025\/12\/noticia04-300x200.png 300w, https:\/\/alianzayelcho.com\/wp-content\/uploads\/2025\/12\/noticia04-1024x683.png 1024w, https:\/\/alianzayelcho.com\/wp-content\/uploads\/2025\/12\/noticia04-768x512.png 768w\" sizes=\"(max-width: 1500px) 100vw, 1500px\" \/><\/a>\n                                                    \n                            <\/div>\n        <div class=\"lakit-posts__inner-content\"><div class=\"lakit-posts__inner-content-inner\"><h4 class=\"lakit-posts__title\"><a href=\"https:\/\/alianzayelcho.com\/ingles\/2025\/09\/02\/los-esfuerzos-colaborativos-para-generar-vacunas-efectivas-contra-la-piscirickettsiosis\/\" title=\"Collaborative efforts to develop effective vaccines against Piscirickettsiosis\" rel=\"bookmark\">Collaborative efforts to develop effective vaccines against Piscirickettsiosis<\/a><\/h4><div class=\"lakit-posts__meta lakit-posts__meta1\"><div class=\"lakit-posts__meta__item lakit-posts__meta__item--date post__date\"><span class=\"meta--value\">September 2, 2025<\/span><\/div><\/div><div class=\"lakit-posts__excerpt entry-excerpt\">Los esfuerzos colaborativos para generar vacunas efectivas contra la Piscirickettsiosis En el marco de su activa agenda de actividades para&hellip;<\/div><div class=\"lakit-posts__more-wrap lakit-btn-more-wrap\"><a href=\"https:\/\/alianzayelcho.com\/ingles\/2025\/09\/02\/los-esfuerzos-colaborativos-para-generar-vacunas-efectivas-contra-la-piscirickettsiosis\/\" class=\"elementor-button lakit-posts__btn-more lakit-btn-more\" title=\"Leer m\u00e1s \u2192 &quot;Los esfuerzos colaborativos para generar vacunas efectivas contra la\u00a0Piscirickettsiosis&quot;\" rel=\"bookmark\"><span class=\"btn__text\">Read more \u2192<\/span><\/a><\/div><\/div><\/div><\/div>\n    <\/div>\n<\/div><div class=\"lakit-posts__item has-post-thumbnail cpt-post post-item-691 col-desk-3 col-lap-3 col-tab-3\">\n    <div class=\"lakit-posts__outer-box\">\n        <div class=\"lakit-posts__inner-box\">            <div class=\"post-thumbnail lakit-posts__thumbnail\">\n                                    <a href=\"https:\/\/alianzayelcho.com\/ingles\/2025\/06\/11\/alianza-yelcho-presenta-alcances-de-su-gestion-al-primer-semestre-de-2025\/\" class=\"lakit-posts__thumbnail-link\" aria-label=\"Read more about &quot;Alianza Yelcho presenta alcances de su gesti\u00f3n al primer semestre de 2025&quot;\"><img loading=\"lazy\" decoding=\"async\" width=\"1500\" height=\"1000\" src=\"https:\/\/alianzayelcho.com\/wp-content\/uploads\/2024\/03\/noticia03.png\" class=\"lakit-posts__thumbnail-img wp-post-image la-lazyload-image wp-post-image\" alt=\"\" srcset=\"https:\/\/alianzayelcho.com\/wp-content\/uploads\/2024\/03\/noticia03.png 1500w, https:\/\/alianzayelcho.com\/wp-content\/uploads\/2024\/03\/noticia03-300x200.png 300w, https:\/\/alianzayelcho.com\/wp-content\/uploads\/2024\/03\/noticia03-1024x683.png 1024w, https:\/\/alianzayelcho.com\/wp-content\/uploads\/2024\/03\/noticia03-768x512.png 768w\" sizes=\"(max-width: 1500px) 100vw, 1500px\" \/><\/a>\n                                                    \n                            <\/div>\n        <div class=\"lakit-posts__inner-content\"><div class=\"lakit-posts__inner-content-inner\"><h4 class=\"lakit-posts__title\"><a href=\"https:\/\/alianzayelcho.com\/ingles\/2025\/06\/11\/alianza-yelcho-presenta-alcances-de-su-gestion-al-primer-semestre-de-2025\/\" title=\"Yelcho Alliance presents scope of its operations in first half of 2025\" rel=\"bookmark\">Yelcho Alliance presents scope of its operations in first half of 2025<\/a><\/h4><div class=\"lakit-posts__meta lakit-posts__meta1\"><div class=\"lakit-posts__meta__item lakit-posts__meta__item--date post__date\"><span class=\"meta--value\">June 11, 2025<\/span><\/div><\/div><div class=\"lakit-posts__excerpt entry-excerpt\">Alianza Yelcho presenta alcances de su gesti\u00f3n al primer semestre de 2025 Dentro de su plan de acci\u00f3n de corto&hellip;<\/div><div class=\"lakit-posts__more-wrap lakit-btn-more-wrap\"><a href=\"https:\/\/alianzayelcho.com\/ingles\/2025\/06\/11\/alianza-yelcho-presenta-alcances-de-su-gestion-al-primer-semestre-de-2025\/\" class=\"elementor-button lakit-posts__btn-more lakit-btn-more\" title=\"Leer m\u00e1s \u2192 &quot;Alianza Yelcho presenta alcances de su gesti\u00f3n al primer semestre de 2025&quot;\" rel=\"bookmark\"><span class=\"btn__text\">Read more \u2192<\/span><\/a><\/div><\/div><\/div><\/div>\n    <\/div>\n<\/div><div class=\"lakit-posts__item has-post-thumbnail cpt-post post-item-686 col-desk-3 col-lap-3 col-tab-3\">\n    <div class=\"lakit-posts__outer-box\">\n        <div class=\"lakit-posts__inner-box\">            <div class=\"post-thumbnail lakit-posts__thumbnail\">\n                                    <a href=\"https:\/\/alianzayelcho.com\/ingles\/2025\/03\/18\/avanza-esfuerzo-publico-privado-para-reducir-el-uso-de-antibioticos-en-la-salmonicultura\/\" class=\"lakit-posts__thumbnail-link\" aria-label=\"Read more about &quot;Avanza esfuerzo p\u00fablico-privado para reducir el uso de antibi\u00f3ticos en la salmonicultura&quot;\"><img loading=\"lazy\" decoding=\"async\" width=\"1500\" height=\"1000\" src=\"https:\/\/alianzayelcho.com\/wp-content\/uploads\/2024\/03\/noticia02.png\" class=\"lakit-posts__thumbnail-img wp-post-image la-lazyload-image wp-post-image\" alt=\"\" srcset=\"https:\/\/alianzayelcho.com\/wp-content\/uploads\/2024\/03\/noticia02.png 1500w, https:\/\/alianzayelcho.com\/wp-content\/uploads\/2024\/03\/noticia02-300x200.png 300w, https:\/\/alianzayelcho.com\/wp-content\/uploads\/2024\/03\/noticia02-1024x683.png 1024w, https:\/\/alianzayelcho.com\/wp-content\/uploads\/2024\/03\/noticia02-768x512.png 768w\" sizes=\"(max-width: 1500px) 100vw, 1500px\" \/><\/a>\n                                                    \n                            <\/div>\n        <div class=\"lakit-posts__inner-content\"><div class=\"lakit-posts__inner-content-inner\"><h4 class=\"lakit-posts__title\"><a href=\"https:\/\/alianzayelcho.com\/ingles\/2025\/03\/18\/avanza-esfuerzo-publico-privado-para-reducir-el-uso-de-antibioticos-en-la-salmonicultura\/\" title=\"Public-private effort to reduce antibiotic use in salmon farming makes progress\" rel=\"bookmark\">Public-private effort to reduce antibiotic use in salmon farming makes progress<\/a><\/h4><div class=\"lakit-posts__meta lakit-posts__meta1\"><div class=\"lakit-posts__meta__item lakit-posts__meta__item--date post__date\"><span class=\"meta--value\">March 18, 2025<\/span><\/div><\/div><div class=\"lakit-posts__excerpt entry-excerpt\">Avanza esfuerzo p\u00fablico-privado para reducir el uso de antibi\u00f3ticos en la salmonicultura El ensayo experimental del Proyecto Yelcho marcar\u00e1 un&hellip;<\/div><div class=\"lakit-posts__more-wrap lakit-btn-more-wrap\"><a href=\"https:\/\/alianzayelcho.com\/ingles\/2025\/03\/18\/avanza-esfuerzo-publico-privado-para-reducir-el-uso-de-antibioticos-en-la-salmonicultura\/\" class=\"elementor-button lakit-posts__btn-more lakit-btn-more\" title=\"Leer m\u00e1s \u2192 &quot;Avanza esfuerzo p\u00fablico-privado para reducir el uso de antibi\u00f3ticos en la salmonicultura&quot;\" rel=\"bookmark\"><span class=\"btn__text\">Read more \u2192<\/span><\/a><\/div><\/div><\/div><\/div>\n    <\/div>\n<\/div><div class=\"lakit-posts__item has-post-thumbnail cpt-post post-item-327 col-desk-3 col-lap-3 col-tab-3\">\n    <div class=\"lakit-posts__outer-box\">\n        <div class=\"lakit-posts__inner-box\">            <div class=\"post-thumbnail lakit-posts__thumbnail\">\n                                    <a href=\"https:\/\/alianzayelcho.com\/ingles\/2024\/09\/09\/con-exito-se-realiza-la-primera-jornada-normativa-proyecto-yelcho\/\" class=\"lakit-posts__thumbnail-link\" aria-label=\"Read more about &quot;Con \u00e9xito se realiza la Primera Jornada Normativa Proyecto Yelcho&quot;\"><img loading=\"lazy\" decoding=\"async\" width=\"1500\" height=\"1000\" src=\"https:\/\/alianzayelcho.com\/wp-content\/uploads\/2024\/03\/noticia01.png\" class=\"lakit-posts__thumbnail-img wp-post-image la-lazyload-image wp-post-image\" alt=\"\" srcset=\"https:\/\/alianzayelcho.com\/wp-content\/uploads\/2024\/03\/noticia01.png 1500w, https:\/\/alianzayelcho.com\/wp-content\/uploads\/2024\/03\/noticia01-300x200.png 300w, https:\/\/alianzayelcho.com\/wp-content\/uploads\/2024\/03\/noticia01-1024x683.png 1024w, https:\/\/alianzayelcho.com\/wp-content\/uploads\/2024\/03\/noticia01-768x512.png 768w\" sizes=\"(max-width: 1500px) 100vw, 1500px\" \/><\/a>\n                                                    \n                            <\/div>\n        <div class=\"lakit-posts__inner-content\"><div class=\"lakit-posts__inner-content-inner\"><h4 class=\"lakit-posts__title\"><a href=\"https:\/\/alianzayelcho.com\/ingles\/2024\/09\/09\/con-exito-se-realiza-la-primera-jornada-normativa-proyecto-yelcho\/\" title=\"Yelcho Project\u2019s First Regulatory Conference a success\" rel=\"bookmark\">Yelcho Project\u2019s First Regulatory Conference a success<\/a><\/h4><div class=\"lakit-posts__meta lakit-posts__meta1\"><div class=\"lakit-posts__meta__item lakit-posts__meta__item--date post__date\"><span class=\"meta--value\">September 9, 2024<\/span><\/div><\/div><div class=\"lakit-posts__excerpt entry-excerpt\">Con \u00e9xito se realiza la Primera Jornada Normativa Proyecto Yelcho Con unos 130 asistentes y la participaci\u00f3n de industria, estado&hellip;<\/div><div class=\"lakit-posts__more-wrap lakit-btn-more-wrap\"><a href=\"https:\/\/alianzayelcho.com\/ingles\/2024\/09\/09\/con-exito-se-realiza-la-primera-jornada-normativa-proyecto-yelcho\/\" class=\"elementor-button lakit-posts__btn-more lakit-btn-more\" title=\"Leer m\u00e1s \u2192 &quot;Con \u00e9xito se realiza la Primera Jornada Normativa Proyecto Yelcho&quot;\" rel=\"bookmark\"><span class=\"btn__text\">Read more \u2192<\/span><\/a><\/div><\/div><\/div><\/div>\n    <\/div>\n<\/div>            <\/div>\n        <\/div>\n                <nav class=\"post-pagination lakit-pagination clearfix lakit-ajax-pagination active-loadmore nothingtoshow\" data-parent-container=\"#lapost_850b132\" data-container=\"#lapost_850b132 .lakit-posts__list\" data-item-selector=\".lakit-posts__item\" data-ajax_request_id=\"post-page850b132\">\n                <div class=\"lakit-ajax-loading-outer\"><span class=\"lakit-css-loader\"><\/span><\/div>\n                <div class=\"lakit-post__loadmore_ajax lakit-pagination_ajax_loadmore\">\n                    <a rel=\"nofollow\" href=\"\/ingles\/wp-json\/wp\/v2\/pages\/324\"><span>Ver m\u00e1s noticias<\/span><\/a>\n                <\/div>\n                            <\/nav>\n            \n    <\/div>\t\t\t\t<\/div>\n\t\t\t\t\t<\/div>\n\t\t\t\t<\/div>\n\t\t\t\t<\/div>","protected":false},"excerpt":{"rendered":"<p>Noticias Noticias y avances que marcan nuestro camino Noticia de prueba Enero 29, 2026Alianza Yelcho evalu\u00f3 positivamente gesti\u00f3n anual y [&hellip;]<\/p>\n","protected":false},"author":3,"featured_media":0,"parent":0,"menu_order":0,"comment_status":"closed","ping_status":"closed","template":"elementor_header_footer","meta":{"site-sidebar-layout":"no-sidebar","site-content-layout":"","ast-site-content-layout":"full-width-container","site-content-style":"default","site-sidebar-style":"default","ast-global-header-display":"","ast-banner-title-visibility":"","ast-main-header-display":"","ast-hfb-above-header-display":"","ast-hfb-below-header-display":"","ast-hfb-mobile-header-display":"","site-post-title":"","ast-breadcrumbs-content":"","ast-featured-img":"disabled","footer-sml-layout":"","ast-disable-related-posts":"","theme-transparent-header-meta":"","adv-header-id-meta":"","stick-header-meta":"","header-above-stick-meta":"","header-main-stick-meta":"","header-below-stick-meta":"","astra-migrate-meta-layouts":"default","ast-page-background-enabled":"default","ast-page-background-meta":{"desktop":{"background-color":"var(--ast-global-color-5)","background-image":"","background-repeat":"repeat","background-position":"center center","background-size":"auto","background-attachment":"scroll","background-type":"","background-media":"","overlay-type":"","overlay-color":"","overlay-opacity":"","overlay-gradient":""},"tablet":{"background-color":"","background-image":"","background-repeat":"repeat","background-position":"center center","background-size":"auto","background-attachment":"scroll","background-type":"","background-media":"","overlay-type":"","overlay-color":"","overlay-opacity":"","overlay-gradient":""},"mobile":{"background-color":"","background-image":"","background-repeat":"repeat","background-position":"center center","background-size":"auto","background-attachment":"scroll","background-type":"","background-media":"","overlay-type":"","overlay-color":"","overlay-opacity":"","overlay-gradient":""}},"ast-content-background-meta":{"desktop":{"background-color":"var(--ast-global-color-4)","background-image":"","background-repeat":"repeat","background-position":"center center","background-size":"auto","background-attachment":"scroll","background-type":"","background-media":"","overlay-type":"","overlay-color":"","overlay-opacity":"","overlay-gradient":""},"tablet":{"background-color":"var(--ast-global-color-4)","background-image":"","background-repeat":"repeat","background-position":"center center","background-size":"auto","background-attachment":"scroll","background-type":"","background-media":"","overlay-type":"","overlay-color":"","overlay-opacity":"","overlay-gradient":""},"mobile":{"background-color":"var(--ast-global-color-4)","background-image":"","background-repeat":"repeat","background-position":"center center","background-size":"auto","background-attachment":"scroll","background-type":"","background-media":"","overlay-type":"","overlay-color":"","overlay-opacity":"","overlay-gradient":""}},"footnotes":""},"class_list":["post-324","page","type-page","status-publish","hentry"],"_links":{"self":[{"href":"https:\/\/alianzayelcho.com\/ingles\/wp-json\/wp\/v2\/pages\/324","targetHints":{"allow":["GET"]}}],"collection":[{"href":"https:\/\/alianzayelcho.com\/ingles\/wp-json\/wp\/v2\/pages"}],"about":[{"href":"https:\/\/alianzayelcho.com\/ingles\/wp-json\/wp\/v2\/types\/page"}],"author":[{"embeddable":true,"href":"https:\/\/alianzayelcho.com\/ingles\/wp-json\/wp\/v2\/users\/3"}],"replies":[{"embeddable":true,"href":"https:\/\/alianzayelcho.com\/ingles\/wp-json\/wp\/v2\/comments?post=324"}],"version-history":[{"count":21,"href":"https:\/\/alianzayelcho.com\/ingles\/wp-json\/wp\/v2\/pages\/324\/revisions"}],"predecessor-version":[{"id":1136,"href":"https:\/\/alianzayelcho.com\/ingles\/wp-json\/wp\/v2\/pages\/324\/revisions\/1136"}],"wp:attachment":[{"href":"https:\/\/alianzayelcho.com\/ingles\/wp-json\/wp\/v2\/media?parent=324"}],"curies":[{"name":"wp","href":"https:\/\/api.w.org\/{rel}","templated":true}]}}